{"id":277,"date":"2024-07-07T13:02:59","date_gmt":"2024-07-07T11:02:59","guid":{"rendered":"http:\/\/localhost\/wordpress\/?post_type=product&#038;p=277"},"modified":"2024-07-08T12:50:58","modified_gmt":"2024-07-08T10:50:58","slug":"lot-de-dessous-de-mug-violet","status":"publish","type":"product","link":"https:\/\/psychyr.fr\/en\/product\/lot-de-dessous-de-mug-violet\/","title":{"rendered":"Set of mug coasters\u2013 purple"},"content":{"rendered":"<p>Set of 3 large and one small mug coaster in lycra and wadding.  <\/p>\n<p>Envie de l&rsquo;acheter \u00e0 l&rsquo;unit\u00e9 ? Contactez-moi, ils sont \u00e0 7 euros l&rsquo;unit\u00e9 (6 pour le petit). <\/p>\n<p>These are test versions and are not all 100% identical, their respective creation processes have varied very slightly. <\/p>\n<p>The large ones: around 11cm, the small one, around 8cm<\/p>\n<p>These are handmade mug coasters, inspired by a known fictional character, it is not an official license product.<\/p>","protected":false},"excerpt":{"rendered":"<p>Want to acquire it? You can contact me now. The price does not include potential delivery costs. <\/p>","protected":false},"featured_media":88,"comment_status":"open","ping_status":"closed","template":"","meta":{"_eb_attr":"","_vp_format_video_url":"","_vp_image_focal_point":[]},"product_brand":[],"product_cat":[36],"product_tag":[],"class_list":{"0":"post-277","1":"product","2":"type-product","3":"status-publish","4":"has-post-thumbnail","6":"product_cat-coaster","8":"first","9":"instock","10":"shipping-taxable","11":"purchasable","12":"product-type-simple"},"jetpack_sharing_enabled":true,"_links":{"self":[{"href":"https:\/\/psychyr.fr\/en\/wp-json\/wp\/v2\/product\/277","targetHints":{"allow":["GET"]}}],"collection":[{"href":"https:\/\/psychyr.fr\/en\/wp-json\/wp\/v2\/product"}],"about":[{"href":"https:\/\/psychyr.fr\/en\/wp-json\/wp\/v2\/types\/product"}],"replies":[{"embeddable":true,"href":"https:\/\/psychyr.fr\/en\/wp-json\/wp\/v2\/comments?post=277"}],"wp:featuredmedia":[{"embeddable":true,"href":"https:\/\/psychyr.fr\/en\/wp-json\/wp\/v2\/media\/88"}],"wp:attachment":[{"href":"https:\/\/psychyr.fr\/en\/wp-json\/wp\/v2\/media?parent=277"}],"wp:term":[{"taxonomy":"product_brand","embeddable":true,"href":"https:\/\/psychyr.fr\/en\/wp-json\/wp\/v2\/product_brand?post=277"},{"taxonomy":"product_cat","embeddable":true,"href":"https:\/\/psychyr.fr\/en\/wp-json\/wp\/v2\/product_cat?post=277"},{"taxonomy":"product_tag","embeddable":true,"href":"https:\/\/psychyr.fr\/en\/wp-json\/wp\/v2\/product_tag?post=277"}],"curies":[{"name":"wp","href":"https:\/\/api.w.org\/{rel}","templated":true}]}}