{"id":273,"date":"2024-07-05T01:21:35","date_gmt":"2024-07-04T23:21:35","guid":{"rendered":"http:\/\/localhost\/wordpress\/?post_type=product&#038;p=273"},"modified":"2024-07-08T12:51:18","modified_gmt":"2024-07-08T10:51:18","slug":"chat-lapin-de-feu","status":"publish","type":"product","link":"https:\/\/psychyr.fr\/en\/product\/chat-lapin-de-feu\/","title":{"rendered":"Fire Cat-Rabbit plush"},"content":{"rendered":"<p class=\"has-medium-font-size\">Peluche \u00ab\u00a0Chat-lapin\u00a0\u00bb de feu, en minky.<\/p>\n\n\n\n<p class=\"has-medium-font-size\">Height : 20cm without ears<br><strong><strong><strong>My pluhsies do not have any official certification for young children; the responsibility lies with the parents.<\/strong><\/strong><\/strong><mark class=\"has-inline-color has-base-color\"><br><strong>C&rsquo;est un mod\u00e8le prototype, il convient id\u00e9alement pour de la d\u00e9coration. <\/strong><\/mark><\/p>\n\n\n\n<p class=\"has-base-font-size\">The prototype models contain parts sewn by hand, making certain seams more fragile to frequent handling (such as sleeping with them). <\/p>\n\n\n\n<p class=\"has-base-font-size\">C&rsquo;est une peluche cousue artisanalement par moi-m\u00eame, inspir\u00e9e d&rsquo;un personnage de fiction connu, ce n&rsquo;est pas un produit officiel de la licence. <\/p>\n\n\n\n<p class=\"has-base-font-size\">Pattern: TeaCupLion<\/p>","protected":false},"excerpt":{"rendered":"<p>Want to acquire it? You can contact me now. The price does not include potential delivery costs. <\/p>","protected":false},"featured_media":81,"comment_status":"open","ping_status":"closed","template":"","meta":{"_eb_attr":"","_vp_format_video_url":"","_vp_image_focal_point":[]},"product_brand":[],"product_cat":[34],"product_tag":[],"class_list":{"0":"post-273","1":"product","2":"type-product","3":"status-publish","4":"has-post-thumbnail","6":"product_cat-peluche","8":"first","9":"instock","10":"shipping-taxable","11":"purchasable","12":"product-type-simple"},"jetpack_sharing_enabled":true,"_links":{"self":[{"href":"https:\/\/psychyr.fr\/en\/wp-json\/wp\/v2\/product\/273","targetHints":{"allow":["GET"]}}],"collection":[{"href":"https:\/\/psychyr.fr\/en\/wp-json\/wp\/v2\/product"}],"about":[{"href":"https:\/\/psychyr.fr\/en\/wp-json\/wp\/v2\/types\/product"}],"replies":[{"embeddable":true,"href":"https:\/\/psychyr.fr\/en\/wp-json\/wp\/v2\/comments?post=273"}],"wp:featuredmedia":[{"embeddable":true,"href":"https:\/\/psychyr.fr\/en\/wp-json\/wp\/v2\/media\/81"}],"wp:attachment":[{"href":"https:\/\/psychyr.fr\/en\/wp-json\/wp\/v2\/media?parent=273"}],"wp:term":[{"taxonomy":"product_brand","embeddable":true,"href":"https:\/\/psychyr.fr\/en\/wp-json\/wp\/v2\/product_brand?post=273"},{"taxonomy":"product_cat","embeddable":true,"href":"https:\/\/psychyr.fr\/en\/wp-json\/wp\/v2\/product_cat?post=273"},{"taxonomy":"product_tag","embeddable":true,"href":"https:\/\/psychyr.fr\/en\/wp-json\/wp\/v2\/product_tag?post=273"}],"curies":[{"name":"wp","href":"https:\/\/api.w.org\/{rel}","templated":true}]}}