{"id":272,"date":"2024-07-05T01:02:21","date_gmt":"2024-07-04T23:02:21","guid":{"rendered":"http:\/\/localhost\/wordpress\/?post_type=product&#038;p=272"},"modified":"2024-07-12T11:38:39","modified_gmt":"2024-07-12T09:38:39","slug":"petites-boules-endormies-en-mochi-plusieurs-coloris","status":"publish","type":"product","link":"https:\/\/psychyr.fr\/en\/product\/petites-boules-endormies-en-mochi-plusieurs-coloris\/","title":{"rendered":"Small sleeping mochi ball (several colors)"},"content":{"rendered":"<p>Little sleeping ball, in various colors with night hat. The fabric and stuffing of the body is made of mochi\/ special mochi stuffing, an elastic material giving unparalleled softness! <\/p>\n<p>Sold individually.<br \/>Coloris disponibles : neige, violet, bleu avec bonnet vert, bleu avec bonnet galaxie<br \/>Size: without the hat, approximately 7cm high, 13cm long <\/p>\n<p><strong><strong><strong><strong><strong><strong>My pluhsies do not have any official certification for young children; the responsibility lies with the parents.<\/strong><\/strong><\/strong><\/strong><\/strong><\/p>\n<p>This is a plush hand-sewn by myself, inspired by a known fictional character, it is not an official license product.<\/strong><\/p>\n<p>Pattern: me<\/p>","protected":false},"excerpt":{"rendered":"<p>Envie d\u2019acqu\u00e9rir un des mod\u00e8les ? Vous pouvez me contacter d\u00e8s \u00e0 pr\u00e9sent. Le prix n\u2019inclue pas les potentiels frais de livraison. <\/p>","protected":false},"featured_media":243,"comment_status":"open","ping_status":"closed","template":"","meta":{"_eb_attr":"","_vp_format_video_url":"","_vp_image_focal_point":[]},"product_brand":[],"product_cat":[34],"product_tag":[],"class_list":{"0":"post-272","1":"product","2":"type-product","3":"status-publish","4":"has-post-thumbnail","6":"product_cat-peluche","8":"first","9":"instock","10":"shipping-taxable","11":"purchasable","12":"product-type-simple"},"jetpack_sharing_enabled":true,"_links":{"self":[{"href":"https:\/\/psychyr.fr\/en\/wp-json\/wp\/v2\/product\/272","targetHints":{"allow":["GET"]}}],"collection":[{"href":"https:\/\/psychyr.fr\/en\/wp-json\/wp\/v2\/product"}],"about":[{"href":"https:\/\/psychyr.fr\/en\/wp-json\/wp\/v2\/types\/product"}],"replies":[{"embeddable":true,"href":"https:\/\/psychyr.fr\/en\/wp-json\/wp\/v2\/comments?post=272"}],"wp:featuredmedia":[{"embeddable":true,"href":"https:\/\/psychyr.fr\/en\/wp-json\/wp\/v2\/media\/243"}],"wp:attachment":[{"href":"https:\/\/psychyr.fr\/en\/wp-json\/wp\/v2\/media?parent=272"}],"wp:term":[{"taxonomy":"product_brand","embeddable":true,"href":"https:\/\/psychyr.fr\/en\/wp-json\/wp\/v2\/product_brand?post=272"},{"taxonomy":"product_cat","embeddable":true,"href":"https:\/\/psychyr.fr\/en\/wp-json\/wp\/v2\/product_cat?post=272"},{"taxonomy":"product_tag","embeddable":true,"href":"https:\/\/psychyr.fr\/en\/wp-json\/wp\/v2\/product_tag?post=272"}],"curies":[{"name":"wp","href":"https:\/\/api.w.org\/{rel}","templated":true}]}}