{"id":260,"date":"2024-07-04T23:32:26","date_gmt":"2024-07-04T21:32:26","guid":{"rendered":"http:\/\/localhost\/wordpress\/?post_type=product&#038;p=260"},"modified":"2024-10-03T17:53:41","modified_gmt":"2024-10-03T15:53:41","slug":"petite-pochette-mignone","status":"publish","type":"product","link":"https:\/\/psychyr.fr\/en\/product\/petite-pochette-mignone\/","title":{"rendered":"little Cat-Rabbit pouch"},"content":{"rendered":"<p>Petite pochette \u00ab\u00a0chat-lapin\u00a0\u00bb avec mousqueton \u00e9toile, fermeture \u00e9claire \u00e0 l&rsquo;arri\u00e8re. Id\u00e9al pour y mettre des pi\u00e8ces ou des \u00e9couteurs. <br \/>Approximately 20 cm in height. <\/p>\n<p><strong><strong><strong><strong><strong>My pluhsies do not have any official certification for young children; the responsibility lies with the parents.<\/strong><\/strong><\/strong><\/strong><\/strong><\/p>\n<p>This is a plush hand-sewn by myself, inspired by a known fictional character, it is not an official license product.<\/p>\n<p>Pattern by SweetStitchesPlushies.<\/p>","protected":false},"excerpt":{"rendered":"<p>Want to acquire it? You can contact me now. The price does not include potential delivery costs. <\/p>","protected":false},"featured_media":247,"comment_status":"closed","ping_status":"closed","template":"","meta":{"_eb_attr":"","_vp_format_video_url":"","_vp_image_focal_point":[]},"product_brand":[],"product_cat":[33],"product_tag":[],"class_list":{"0":"post-260","1":"product","2":"type-product","3":"status-publish","4":"has-post-thumbnail","6":"product_cat-pochette","8":"first","9":"outofstock","10":"shipping-taxable","11":"purchasable","12":"product-type-simple"},"jetpack_sharing_enabled":true,"_links":{"self":[{"href":"https:\/\/psychyr.fr\/en\/wp-json\/wp\/v2\/product\/260","targetHints":{"allow":["GET"]}}],"collection":[{"href":"https:\/\/psychyr.fr\/en\/wp-json\/wp\/v2\/product"}],"about":[{"href":"https:\/\/psychyr.fr\/en\/wp-json\/wp\/v2\/types\/product"}],"replies":[{"embeddable":true,"href":"https:\/\/psychyr.fr\/en\/wp-json\/wp\/v2\/comments?post=260"}],"wp:featuredmedia":[{"embeddable":true,"href":"https:\/\/psychyr.fr\/en\/wp-json\/wp\/v2\/media\/247"}],"wp:attachment":[{"href":"https:\/\/psychyr.fr\/en\/wp-json\/wp\/v2\/media?parent=260"}],"wp:term":[{"taxonomy":"product_brand","embeddable":true,"href":"https:\/\/psychyr.fr\/en\/wp-json\/wp\/v2\/product_brand?post=260"},{"taxonomy":"product_cat","embeddable":true,"href":"https:\/\/psychyr.fr\/en\/wp-json\/wp\/v2\/product_cat?post=260"},{"taxonomy":"product_tag","embeddable":true,"href":"https:\/\/psychyr.fr\/en\/wp-json\/wp\/v2\/product_tag?post=260"}],"curies":[{"name":"wp","href":"https:\/\/api.w.org\/{rel}","templated":true}]}}