{"id":3,"date":"2024-06-28T17:37:02","date_gmt":"2024-06-28T15:37:02","guid":{"rendered":"http:\/\/localhost\/wordpress\/?page_id=3"},"modified":"2024-07-05T00:54:44","modified_gmt":"2024-07-04T22:54:44","slug":"politique-de-confidentialite","status":"publish","type":"page","link":"https:\/\/psychyr.fr\/en\/politique-de-confidentialite\/","title":{"rendered":"Privacy Policy"},"content":{"rendered":"\n<p class=\"has-large-font-size\"><strong>Introduction<\/strong><\/p>\n\n\n\n<p>Je m&rsquo;engage \u00e0 prot\u00e9ger la confidentialit\u00e9 et la s\u00e9curit\u00e9 de vos donn\u00e9es personnelles. Cette politique de confidentialit\u00e9 explique comment vos informations personnelles sont recueillies et utilis\u00e9es lorsque vous visitez ce site web et utilisez ses services.<\/p>\n\n\n\n<p class=\"has-large-font-size\"><strong>Qui suis-je?<\/strong><\/p>\n\n\n\n<p>Je suis Psychyr, op\u00e9rant sous le site Psychyr.fr. Pour toute question relative \u00e0 cette politique, vous pouvez me contacter \u00e0 [TODO].<\/p>\n\n\n\n<p class=\"has-large-font-size\"><strong>Les donn\u00e9es personnelles qui sont collect\u00e9es<\/strong><\/p>\n\n\n\n<ol class=\"wp-block-list\">\n<li><strong>Informations de commande<\/strong> : Lorsque vous passez une commande en ligne via WooCommerce, sont collect\u00e9es des informations telles que: votre pr\u00e9nom, votre nom, votre adresse, votre num\u00e9ro de t\u00e9l\u00e9phone et votre adresse email.<\/li>\n\n\n\n<li><strong>Formulaire de contact<\/strong> : Lorsque vous nous contactez via un formulaire en ligne, sont collect\u00e9s votre pr\u00e9nom et votre adresse email.<\/li>\n<\/ol>\n\n\n\n<p class=\"has-large-font-size\"><strong>Comment sont utilis\u00e9es vos donn\u00e9es personnelles ?<\/strong><\/p>\n\n\n\n<p>Vos donn\u00e9es personnelles sont utilis\u00e9es aux fins suivantes :<\/p>\n\n\n\n<ol class=\"wp-block-list\">\n<li><strong>Traitement des commandes<\/strong> : Pour traiter et livrer vos commandes pass\u00e9es via notre site.<\/li>\n\n\n\n<li><strong>Communication<\/strong> : Pour r\u00e9pondre \u00e0 vos demandes et vous fournir les informations que vous avez sollicit\u00e9es via notre formulaire de contact.<\/li>\n<\/ol>\n\n\n\n<p class=\"has-large-font-size\"><strong>Partage de vos donn\u00e9es personnelles<\/strong><\/p>\n\n\n\n<p>Vos donn\u00e9es personnelles ne sont pas partag\u00e9es avec des tiers, sauf si cela est n\u00e9cessaire pour :<\/p>\n\n\n\n<ol class=\"wp-block-list\">\n<li><strong>Traitement des paiements<\/strong> : Vos informations de paiement sont trait\u00e9es par des tiers (par exemple, des passerelles de paiement) conform\u00e9ment \u00e0 leurs propres politiques de confidentialit\u00e9. <\/li>\n\n\n\n<li><strong>Conformit\u00e9 l\u00e9gale<\/strong> : vos donn\u00e9es peuvent \u00eatre amen\u00e9es \u00e0 \u00eatre partag\u00e9es afin de se conformer \u00e0 des obligations l\u00e9gales ou r\u00e9glementaires.<\/li>\n<\/ol>\n\n\n\n<p class=\"has-large-font-size\"><strong>Vos droits<\/strong><\/p>\n\n\n\n<p>Conform\u00e9ment au RGPD, vous avez le droit de :<\/p>\n\n\n\n<ol class=\"wp-block-list\">\n<li><strong>Acc\u00e9der<\/strong> \u00e0 vos donn\u00e9es personnelles et obtenir des informations sur leur traitement.<\/li>\n\n\n\n<li><strong>Rectifier<\/strong> des donn\u00e9es inexactes ou incompl\u00e8tes.<\/li>\n\n\n\n<li><strong>Supprimer<\/strong> vos donn\u00e9es personnelles dans certaines circonstances.<\/li>\n\n\n\n<li><strong>Restreindre<\/strong> le traitement de vos donn\u00e9es personnelles dans certaines circonstances.<\/li>\n\n\n\n<li><strong>Portabilit\u00e9<\/strong> des donn\u00e9es : recevoir vos donn\u00e9es personnelles dans un format structur\u00e9, couramment utilis\u00e9 et lisible par machine.<\/li>\n\n\n\n<li><strong>Opposition<\/strong> : vous opposer \u00e0 certains traitements de vos donn\u00e9es personnelles.<\/li>\n<\/ol>\n\n\n\n<p>Pour exercer vos droits, veuillez prendre contact avec le formulaire de contact.<\/p>\n\n\n\n<p class=\"has-large-font-size\"><strong>S\u00e9curit\u00e9 des donn\u00e9es<\/strong><\/p>\n\n\n\n<p>Nous prenons des mesures techniques et organisationnelles appropri\u00e9es pour prot\u00e9ger vos donn\u00e9es personnelles contre la perte, le vol et l&rsquo;acc\u00e8s non autoris\u00e9.<\/p>\n\n\n\n<p class=\"has-large-font-size\"><strong>Conservation des donn\u00e9es<\/strong><\/p>\n\n\n\n<p>Vos donn\u00e9es personnelles sont conserv\u00e9es aussi longtemps que n\u00e9cessaire pour remplir les objectifs pour lesquels elles ont \u00e9t\u00e9 collect\u00e9es, y compris pour satisfaire \u00e0 toute exigence l\u00e9gale, comptable ou de reporting.<\/p>\n\n\n\n<p class=\"has-large-font-size\"><strong>Modifications de cette politique<\/strong><\/p>\n\n\n\n<p>Je me r\u00e9serve le droit de modifier cette politique de confidentialit\u00e9 \u00e0 tout moment. Je publierai toute modification sur cette page et mettrai \u00e0 jour la date de r\u00e9vision en haut de la politique. Je vous encourage \u00e0 consulter r\u00e9guli\u00e8rement cette page pour rester inform\u00e9 des mises \u00e0 jour.<\/p>\n\n\n\n<p class=\"has-large-font-size\"><strong>Contactez-moi<\/strong><\/p>\n\n\n\n<p>Pour toute question concernant cette politique de confidentialit\u00e9 ou nos pratiques de protection des donn\u00e9es, veuillez me contacter via le formulaire de contact.<\/p>\n","protected":false},"excerpt":{"rendered":"<p>Introduction Je m&rsquo;engage \u00e0 prot\u00e9ger la confidentialit\u00e9 et la s\u00e9curit\u00e9 de vos donn\u00e9es personnelles. Cette politique de confidentialit\u00e9 explique comment vos informations personnelles sont recueillies et utilis\u00e9es lorsque vous visitez ce site web et utilisez ses services. Qui suis-je? Je suis Psychyr, op\u00e9rant sous le site Psychyr.fr. Pour toute question relative \u00e0 cette politique, vous [&hellip;]<\/p>\n","protected":false},"author":1,"featured_media":0,"parent":0,"menu_order":0,"comment_status":"closed","ping_status":"open","template":"","meta":{"_eb_attr":"","_vp_format_video_url":"","_vp_image_focal_point":[],"footnotes":""},"class_list":["post-3","page","type-page","status-publish","hentry"],"jetpack_sharing_enabled":true,"_links":{"self":[{"href":"https:\/\/psychyr.fr\/en\/wp-json\/wp\/v2\/pages\/3","targetHints":{"allow":["GET"]}}],"collection":[{"href":"https:\/\/psychyr.fr\/en\/wp-json\/wp\/v2\/pages"}],"about":[{"href":"https:\/\/psychyr.fr\/en\/wp-json\/wp\/v2\/types\/page"}],"author":[{"embeddable":true,"href":"https:\/\/psychyr.fr\/en\/wp-json\/wp\/v2\/users\/1"}],"replies":[{"embeddable":true,"href":"https:\/\/psychyr.fr\/en\/wp-json\/wp\/v2\/comments?post=3"}],"version-history":[{"count":3,"href":"https:\/\/psychyr.fr\/en\/wp-json\/wp\/v2\/pages\/3\/revisions"}],"predecessor-version":[{"id":305,"href":"https:\/\/psychyr.fr\/en\/wp-json\/wp\/v2\/pages\/3\/revisions\/305"}],"wp:attachment":[{"href":"https:\/\/psychyr.fr\/en\/wp-json\/wp\/v2\/media?parent=3"}],"curies":[{"name":"wp","href":"https:\/\/api.w.org\/{rel}","templated":true}]}}